{"id":7,"date":"2023-04-25T14:02:30","date_gmt":"2023-04-25T14:02:30","guid":{"rendered":"https:\/\/www.renatetheobald.de\/system\/?page_id=7"},"modified":"2023-09-07T13:54:01","modified_gmt":"2023-09-07T13:54:01","slug":"renate-theobald-persoenlichkeitstrainerin","status":"publish","type":"page","link":"https:\/\/www.renatetheobald.de\/system\/","title":{"rendered":"Renate Theobald &#8211; Online-Coach"},"content":{"rendered":"\t\t<div data-elementor-type=\"wp-page\" data-elementor-id=\"7\" class=\"elementor elementor-7\">\n\t\t\t\t\t\t<section class=\"elementor-section elementor-top-section elementor-element elementor-element-b4454c2 elementor-section-boxed elementor-section-height-default elementor-section-height-default\" data-id=\"b4454c2\" data-element_type=\"section\" data-e-type=\"section\">\n\t\t\t\t\t\t<div class=\"elementor-container elementor-column-gap-default\">\n\t\t\t\t\t<div class=\"elementor-column elementor-col-50 elementor-top-column elementor-element elementor-element-54e1346\" data-id=\"54e1346\" data-element_type=\"column\" data-e-type=\"column\">\n\t\t\t<div class=\"elementor-widget-wrap elementor-element-populated\">\n\t\t\t\t\t\t<div class=\"elementor-element elementor-element-7d033203 elementor-widget elementor-widget-text-editor\" data-id=\"7d033203\" data-element_type=\"widget\" data-e-type=\"widget\" data-widget_type=\"text-editor.default\">\n\t\t\t\t<div class=\"elementor-widget-container\">\n\t\t\t\t\t\t\t\t\t<p>Tue erst das Notwendige, &#8230;<br \/>dann das M\u00f6gliche, &#8230;<br \/>und pl\u00f6tzlich schaffst Du<br \/>das Unm\u00f6gliche.<\/p>\t\t\t\t\t\t\t\t<\/div>\n\t\t\t\t<\/div>\n\t\t\t\t<div class=\"elementor-element elementor-element-8c6f183 elementor-widget elementor-widget-text-editor\" data-id=\"8c6f183\" data-element_type=\"widget\" data-e-type=\"widget\" data-widget_type=\"text-editor.default\">\n\t\t\t\t<div class=\"elementor-widget-container\">\n\t\t\t\t\t\t\t\t\t<p>Franz von Assisi<\/p>\t\t\t\t\t\t\t\t<\/div>\n\t\t\t\t<\/div>\n\t\t\t\t\t<\/div>\n\t\t<\/div>\n\t\t\t\t<div class=\"elementor-column elementor-col-50 elementor-top-column elementor-element elementor-element-606d1c3\" data-id=\"606d1c3\" data-element_type=\"column\" data-e-type=\"column\">\n\t\t\t<div class=\"elementor-widget-wrap elementor-element-populated\">\n\t\t\t\t\t\t<div class=\"elementor-element elementor-element-b233197 elementor-widget elementor-widget-image\" data-id=\"b233197\" data-element_type=\"widget\" data-e-type=\"widget\" data-widget_type=\"image.default\">\n\t\t\t\t<div class=\"elementor-widget-container\">\n\t\t\t\t\t\t\t\t\t\t\t\t\t\t\t<img fetchpriority=\"high\" decoding=\"async\" width=\"683\" height=\"1024\" src=\"https:\/\/www.renatetheobald.de\/system\/wp-content\/uploads\/2023\/05\/Renate_Theobald-683x1024.jpg\" class=\"attachment-large size-large wp-image-286\" alt=\"\" srcset=\"https:\/\/www.renatetheobald.de\/system\/wp-content\/uploads\/2023\/05\/Renate_Theobald-683x1024.jpg 683w, https:\/\/www.renatetheobald.de\/system\/wp-content\/uploads\/2023\/05\/Renate_Theobald-200x300.jpg 200w, https:\/\/www.renatetheobald.de\/system\/wp-content\/uploads\/2023\/05\/Renate_Theobald-768x1152.jpg 768w, https:\/\/www.renatetheobald.de\/system\/wp-content\/uploads\/2023\/05\/Renate_Theobald-1024x1536.jpg 1024w, https:\/\/www.renatetheobald.de\/system\/wp-content\/uploads\/2023\/05\/Renate_Theobald.jpg 1280w\" sizes=\"(max-width: 683px) 100vw, 683px\" \/>\t\t\t\t\t\t\t\t\t\t\t\t\t\t\t<\/div>\n\t\t\t\t<\/div>\n\t\t\t\t\t<\/div>\n\t\t<\/div>\n\t\t\t\t\t<\/div>\n\t\t<\/section>\n\t\t\t\t<section class=\"elementor-section elementor-top-section elementor-element elementor-element-92682fe elementor-section-boxed elementor-section-height-default elementor-section-height-default\" data-id=\"92682fe\" data-element_type=\"section\" data-e-type=\"section\">\n\t\t\t\t\t\t<div class=\"elementor-container elementor-column-gap-default\">\n\t\t\t\t\t<div class=\"elementor-column elementor-col-100 elementor-top-column elementor-element elementor-element-290373b\" data-id=\"290373b\" data-element_type=\"column\" data-e-type=\"column\">\n\t\t\t<div class=\"elementor-widget-wrap elementor-element-populated\">\n\t\t\t\t\t\t<div class=\"elementor-element elementor-element-233b64b elementor-widget elementor-widget-text-editor\" data-id=\"233b64b\" data-element_type=\"widget\" data-e-type=\"widget\" data-widget_type=\"text-editor.default\">\n\t\t\t\t<div class=\"elementor-widget-container\">\n\t\t\t\t\t\t\t\t\t<p>Renate Theobald arbeitet seit fast 40 Jahren als Managementberaterin, Trainerin, Dozentin und Coach.<\/p><p>In den letzten Jahren hat sie sich auf die Arbeit mit digitalen Medien spezialisiert und bietet alle Inhalte und Formate im Online-Coaching \u00fcber Teams oder Skype an.<\/p><p>Sie ist ausgebildete Industriekauffrau, Ausbilderin und Personalfachkauffrau. Seminarleiterin f\u00fcr Entspannungsmethoden. Therapeutin f\u00fcr Seelenreisen, Trance- und Atemtechniken.<\/p><p>Bei Dr. Rudolf Mann lernte sie das Unternehmenserfolg \u2013 Partnertraining zur Entwicklung ganzheitlicher Unternehmenskonzepte, die den Mitarbeiter einbeziehen. Die Entwicklung einer Unternehmensvision und die Moderation von Strategie-Workshops.<\/p><p>Ihr pers\u00f6nlicher Weg durch die verschiedenen Lern- und Lebensphasen sind die Basis ihrer ganzheitlichen Arbeit:<\/p><p>Bereits 1984 er\u00f6ffnete Renate Theobald, damals noch als verheiratete Scharf, in ihrer Heimatstadt Babenhausen ein Studio f\u00fcr \u201eAutogenes-Training und Pers\u00f6nlichkeitsbildung\u201c.<\/p><p>Auf dem Fundament ihrer langj\u00e4hrigen, praktischen Erfahrungen<\/p><ul><li>in der Erwachsenenbildung,<\/li><li>einer permanenten Weiterbildung als Managementtrainerin und Coach und<\/li><li>in der erfolgreichen Zusammenarbeit mit namhaften Trainerkollegen<\/li><\/ul><p>entwickelte Renate Theobald ein Schulungskonzept, speziell f\u00fcr Frauen mit F\u00fchrungsverantwortung.<\/p><p>Basis ist die langj\u00e4hrige Zusammenarbeit mit dem Unternehmensberater, Buchautor und Vor-Denker Gerd Ammelburg, Frankfurt am Main (Die Unternehmenszukunft; Strukturen und F\u00fchrungsstil im Wandel zum 3. Jahrtausend).<\/p><p>Renate Theobald wurde autorisierte Nachfolgerin ihres am 12.07.1999 verstorbenen Kollegen.<\/p><p>Zwei F\u00fchrungswerkzeuge von Gerd Ammelburg hat sie gemeinsam mit ihrem Sohn Wolfgang zeitgem\u00e4\u00df weiterentwickelt:<\/p><ul><li><a href=\"https:\/\/www.renatetheobald.de\/system\/persoenlichkeits-analyse\/\">Die Pers\u00f6nlichkeitsanalyse Zirkel2000<\/a><\/li><li><a href=\"https:\/\/www.renatetheobald.de\/system\/zirkel2000\/\">Das Unternehmensmodell Zirkel2000<\/a><\/li><\/ul><p>Heute ist sie als Dozentin f\u00fcr ein bundesweit t\u00e4tiges Schulungsunternehmen in der Erwachsenenbildung t\u00e4tig. Der Schwerpunkt ihrer Arbeit liegt in der Durchf\u00fchrung von Online-Trainings im Bereich Pers\u00f6nlichkeitsbildung.<\/p>\t\t\t\t\t\t\t\t<\/div>\n\t\t\t\t<\/div>\n\t\t\t\t\t<\/div>\n\t\t<\/div>\n\t\t\t\t\t<\/div>\n\t\t<\/section>\n\t\t\t\t<\/div>\n\t\t","protected":false},"excerpt":{"rendered":"<p>Tue erst das Notwendige, &#8230;dann das M\u00f6gliche, &#8230;und pl\u00f6tzlich schaffst Dudas Unm\u00f6gliche. Franz von Assisi Renate Theobald arbeitet seit fast 40 Jahren als Managementberaterin, Trainerin, Dozentin und Coach. In den letzten Jahren hat sie sich auf die Arbeit mit digitalen Medien spezialisiert und bietet alle Inhalte und Formate im Online-Coaching \u00fcber Teams oder Skype an. [&hellip;]<\/p>\n","protected":false},"author":1,"featured_media":0,"parent":0,"menu_order":0,"comment_status":"closed","ping_status":"closed","template":"","meta":{"ocean_post_layout":"full-screen","ocean_both_sidebars_style":"","ocean_both_sidebars_content_width":0,"ocean_both_sidebars_sidebars_width":0,"ocean_sidebar":"0","ocean_second_sidebar":"0","ocean_disable_margins":"enable","ocean_add_body_class":"","ocean_shortcode_before_top_bar":"","ocean_shortcode_after_top_bar":"","ocean_shortcode_before_header":"","ocean_shortcode_after_header":"","ocean_has_shortcode":"","ocean_shortcode_after_title":"","ocean_shortcode_before_footer_widgets":"","ocean_shortcode_after_footer_widgets":"","ocean_shortcode_before_footer_bottom":"","ocean_shortcode_after_footer_bottom":"","ocean_display_top_bar":"off","ocean_display_header":"default","ocean_header_style":"","ocean_center_header_left_menu":"0","ocean_custom_header_template":"0","ocean_custom_logo":0,"ocean_custom_retina_logo":0,"ocean_custom_logo_max_width":0,"ocean_custom_logo_tablet_max_width":0,"ocean_custom_logo_mobile_max_width":0,"ocean_custom_logo_max_height":0,"ocean_custom_logo_tablet_max_height":0,"ocean_custom_logo_mobile_max_height":0,"ocean_header_custom_menu":"0","ocean_menu_typo_font_family":"0","ocean_menu_typo_font_subset":"","ocean_menu_typo_font_size":0,"ocean_menu_typo_font_size_tablet":0,"ocean_menu_typo_font_size_mobile":0,"ocean_menu_typo_font_size_unit":"px","ocean_menu_typo_font_weight":"","ocean_menu_typo_font_weight_tablet":"","ocean_menu_typo_font_weight_mobile":"","ocean_menu_typo_transform":"","ocean_menu_typo_transform_tablet":"","ocean_menu_typo_transform_mobile":"","ocean_menu_typo_line_height":0,"ocean_menu_typo_line_height_tablet":0,"ocean_menu_typo_line_height_mobile":0,"ocean_menu_typo_line_height_unit":"","ocean_menu_typo_spacing":0,"ocean_menu_typo_spacing_tablet":0,"ocean_menu_typo_spacing_mobile":0,"ocean_menu_typo_spacing_unit":"","ocean_menu_link_color":"","ocean_menu_link_color_hover":"","ocean_menu_link_color_active":"","ocean_menu_link_background":"","ocean_menu_link_hover_background":"","ocean_menu_link_active_background":"","ocean_menu_social_links_bg":"","ocean_menu_social_hover_links_bg":"","ocean_menu_social_links_color":"","ocean_menu_social_hover_links_color":"","ocean_disable_title":"on","ocean_disable_heading":"default","ocean_post_title":"","ocean_post_subheading":"","ocean_post_title_style":"","ocean_post_title_background_color":"","ocean_post_title_background":0,"ocean_post_title_bg_image_position":"","ocean_post_title_bg_image_attachment":"","ocean_post_title_bg_image_repeat":"","ocean_post_title_bg_image_size":"","ocean_post_title_height":0,"ocean_post_title_bg_overlay":0.5,"ocean_post_title_bg_overlay_color":"","ocean_disable_breadcrumbs":"default","ocean_breadcrumbs_color":"","ocean_breadcrumbs_separator_color":"","ocean_breadcrumbs_links_color":"","ocean_breadcrumbs_links_hover_color":"","ocean_display_footer_widgets":"default","ocean_display_footer_bottom":"default","ocean_custom_footer_template":"0","footnotes":""},"class_list":["post-7","page","type-page","status-publish","hentry","entry"],"_links":{"self":[{"href":"https:\/\/www.renatetheobald.de\/system\/wp-json\/wp\/v2\/pages\/7","targetHints":{"allow":["GET"]}}],"collection":[{"href":"https:\/\/www.renatetheobald.de\/system\/wp-json\/wp\/v2\/pages"}],"about":[{"href":"https:\/\/www.renatetheobald.de\/system\/wp-json\/wp\/v2\/types\/page"}],"author":[{"embeddable":true,"href":"https:\/\/www.renatetheobald.de\/system\/wp-json\/wp\/v2\/users\/1"}],"replies":[{"embeddable":true,"href":"https:\/\/www.renatetheobald.de\/system\/wp-json\/wp\/v2\/comments?post=7"}],"version-history":[{"count":94,"href":"https:\/\/www.renatetheobald.de\/system\/wp-json\/wp\/v2\/pages\/7\/revisions"}],"predecessor-version":[{"id":321,"href":"https:\/\/www.renatetheobald.de\/system\/wp-json\/wp\/v2\/pages\/7\/revisions\/321"}],"wp:attachment":[{"href":"https:\/\/www.renatetheobald.de\/system\/wp-json\/wp\/v2\/media?parent=7"}],"curies":[{"name":"wp","href":"https:\/\/api.w.org\/{rel}","templated":true}]}}