{"id":26,"date":"2023-04-25T14:24:18","date_gmt":"2023-04-25T14:24:18","guid":{"rendered":"https:\/\/www.renatetheobald.de\/system\/?page_id=26"},"modified":"2023-04-26T16:29:21","modified_gmt":"2023-04-26T16:29:21","slug":"impessum","status":"publish","type":"page","link":"https:\/\/www.renatetheobald.de\/system\/impessum\/","title":{"rendered":"Impressum"},"content":{"rendered":"\t\t<div data-elementor-type=\"wp-page\" data-elementor-id=\"26\" class=\"elementor elementor-26\">\n\t\t\t\t\t\t<section class=\"elementor-section elementor-top-section elementor-element elementor-element-47e45fb6 elementor-section-boxed elementor-section-height-default elementor-section-height-default\" data-id=\"47e45fb6\" data-element_type=\"section\" data-e-type=\"section\">\n\t\t\t\t\t\t<div class=\"elementor-container elementor-column-gap-default\">\n\t\t\t\t\t<div class=\"elementor-column elementor-col-100 elementor-top-column elementor-element elementor-element-4ec187da\" data-id=\"4ec187da\" data-element_type=\"column\" data-e-type=\"column\">\n\t\t\t<div class=\"elementor-widget-wrap elementor-element-populated\">\n\t\t\t\t\t\t<div class=\"elementor-element elementor-element-2a491c25 elementor-widget elementor-widget-text-editor\" data-id=\"2a491c25\" data-element_type=\"widget\" data-e-type=\"widget\" data-widget_type=\"text-editor.default\">\n\t\t\t\t<div class=\"elementor-widget-container\">\n\t\t\t\t\t\t\t\t\t<h1>Impressum<\/h1>\n<p>Inhaltlich Verantwortlicher gem\u00e4\u00df \u00a7 6 MDStV: Renate Theobald<\/p>\n<h2>Anschrift:<\/h2>\n<p>Renate Theobald<br>Personalentwicklung, Training u. Coaching<br>Franz-Ludwig-Mersy-Str. 7<br>77654 Offenburg<\/p>\n<p>Telefon: 0 781 \/ 289 439 34<br>Mail: <a href=\"mailto:info@renatetheobald.de\">info@renatetheobald.de<\/a><\/p>\n<h2>Haftungshinweis:<\/h2>\n<p>Trotz sorgf\u00e4ltiger inhaltlicher Kontrolle \u00fcbernehme ich keine Haftung f\u00fcr die Inhalte externer Links. F\u00fcr den Inhalt der verlinkten Seiten sind ausschlie\u00dflich deren Betreiber verantwortlich.<\/p>\n<h2>Rechtshinweise:<\/h2>\n<p>Alle in meinen Internetseiten enthaltenen Angaben und Informationen wurden von mir oder Dritten sorgf\u00e4ltig recherchiert und gepr\u00fcft. Diese Informationen sind ein Service und ersetzen keine pers\u00f6nliche Beratung.<\/p>\n<p>F\u00fcr die Richtigkeit, Vollst\u00e4ndigkeit und Aktualit\u00e4t k\u00f6nnen weder ich noch dritte Lieferanten eine Haftung \u00fcbernehmen. Alle Informationen dienen ausschlie\u00dflich zur Information der Besucher meines Onlineangebotes. Im \u00dcbrigen ist die Haftung auf Vorsatz oder grobe Fahrl\u00e4ssigkeit beschr\u00e4nkt.<\/p>\n<p>Auf Internetseiten Dritter, auf die diese Seite durch Hyperlink verweist, tragen die jeweiligen Anbieter die Verantwortung. Ich bin f\u00fcr den Inhalt solcher Seiten Dritter nicht verantwortlich. Des weiteren kann meine Web-Seite ohne mein Wissen von einer anderen Web-Seite mittels Hyperlink angelinkt worden sein. Ich \u00fcbernehme keine Verantwortung f\u00fcr Darstellungen, Inhalt oder irgendeine Verbindung zu meiner Seite in Web-Seiten Dritter.<\/p>\n<p>Au\u00dferdem behalte ich mir das Recht vor, \u00c4nderungen oder Erg\u00e4nzungen der bereitgestellten Informationen vorzunehmen.<\/p>\n<p>Inhalt und Struktur meiner Web-Seite sind urheberrechtlich gesch\u00fctzt. Die Vervielf\u00e4ltigung von Informationen oder Daten, insbesondere die Verwendung von Texten, Textzeilen oder Bildmaterial bedarf meiner ausdr\u00fccklichen Zustimmung.<\/p>\n<p>Angabe gem\u00e4\u00df \u00a7 6 Anbieterkennzeichnung des TDG (Teledienstgesetz).<\/p>\n<div>&nbsp;<\/div>\t\t\t\t\t\t\t\t<\/div>\n\t\t\t\t<\/div>\n\t\t\t\t\t<\/div>\n\t\t<\/div>\n\t\t\t\t\t<\/div>\n\t\t<\/section>\n\t\t\t\t<\/div>\n\t\t","protected":false},"excerpt":{"rendered":"<p>Impressum Inhaltlich Verantwortlicher gem\u00e4\u00df \u00a7 6 MDStV: Renate Theobald Anschrift: Renate TheobaldPersonalentwicklung, Training u. CoachingFranz-Ludwig-Mersy-Str. 777654 Offenburg Telefon: 0 781 \/ 289 439 34Mail: info@renatetheobald.de Haftungshinweis: Trotz sorgf\u00e4ltiger inhaltlicher Kontrolle \u00fcbernehme ich keine Haftung f\u00fcr die Inhalte externer Links. F\u00fcr den Inhalt der verlinkten Seiten sind ausschlie\u00dflich deren Betreiber verantwortlich. Rechtshinweise: Alle in meinen Internetseiten [&hellip;]<\/p>\n","protected":false},"author":1,"featured_media":0,"parent":0,"menu_order":0,"comment_status":"closed","ping_status":"closed","template":"","meta":{"ocean_post_layout":"full-screen","ocean_both_sidebars_style":"","ocean_both_sidebars_content_width":0,"ocean_both_sidebars_sidebars_width":0,"ocean_sidebar":"0","ocean_second_sidebar":"0","ocean_disable_margins":"enable","ocean_add_body_class":"","ocean_shortcode_before_top_bar":"","ocean_shortcode_after_top_bar":"","ocean_shortcode_before_header":"","ocean_shortcode_after_header":"","ocean_has_shortcode":"","ocean_shortcode_after_title":"","ocean_shortcode_before_footer_widgets":"","ocean_shortcode_after_footer_widgets":"","ocean_shortcode_before_footer_bottom":"","ocean_shortcode_after_footer_bottom":"","ocean_display_top_bar":"off","ocean_display_header":"default","ocean_header_style":"","ocean_center_header_left_menu":"0","ocean_custom_header_template":"0","ocean_custom_logo":0,"ocean_custom_retina_logo":0,"ocean_custom_logo_max_width":0,"ocean_custom_logo_tablet_max_width":0,"ocean_custom_logo_mobile_max_width":0,"ocean_custom_logo_max_height":0,"ocean_custom_logo_tablet_max_height":0,"ocean_custom_logo_mobile_max_height":0,"ocean_header_custom_menu":"0","ocean_menu_typo_font_family":"0","ocean_menu_typo_font_subset":"","ocean_menu_typo_font_size":0,"ocean_menu_typo_font_size_tablet":0,"ocean_menu_typo_font_size_mobile":0,"ocean_menu_typo_font_size_unit":"px","ocean_menu_typo_font_weight":"","ocean_menu_typo_font_weight_tablet":"","ocean_menu_typo_font_weight_mobile":"","ocean_menu_typo_transform":"","ocean_menu_typo_transform_tablet":"","ocean_menu_typo_transform_mobile":"","ocean_menu_typo_line_height":0,"ocean_menu_typo_line_height_tablet":0,"ocean_menu_typo_line_height_mobile":0,"ocean_menu_typo_line_height_unit":"","ocean_menu_typo_spacing":0,"ocean_menu_typo_spacing_tablet":0,"ocean_menu_typo_spacing_mobile":0,"ocean_menu_typo_spacing_unit":"","ocean_menu_link_color":"","ocean_menu_link_color_hover":"","ocean_menu_link_color_active":"","ocean_menu_link_background":"","ocean_menu_link_hover_background":"","ocean_menu_link_active_background":"","ocean_menu_social_links_bg":"","ocean_menu_social_hover_links_bg":"","ocean_menu_social_links_color":"","ocean_menu_social_hover_links_color":"","ocean_disable_title":"on","ocean_disable_heading":"default","ocean_post_title":"","ocean_post_subheading":"","ocean_post_title_style":"","ocean_post_title_background_color":"","ocean_post_title_background":0,"ocean_post_title_bg_image_position":"","ocean_post_title_bg_image_attachment":"","ocean_post_title_bg_image_repeat":"","ocean_post_title_bg_image_size":"","ocean_post_title_height":0,"ocean_post_title_bg_overlay":0.5,"ocean_post_title_bg_overlay_color":"","ocean_disable_breadcrumbs":"default","ocean_breadcrumbs_color":"","ocean_breadcrumbs_separator_color":"","ocean_breadcrumbs_links_color":"","ocean_breadcrumbs_links_hover_color":"","ocean_display_footer_widgets":"default","ocean_display_footer_bottom":"default","ocean_custom_footer_template":"0","footnotes":""},"class_list":["post-26","page","type-page","status-publish","hentry","entry"],"_links":{"self":[{"href":"https:\/\/www.renatetheobald.de\/system\/wp-json\/wp\/v2\/pages\/26","targetHints":{"allow":["GET"]}}],"collection":[{"href":"https:\/\/www.renatetheobald.de\/system\/wp-json\/wp\/v2\/pages"}],"about":[{"href":"https:\/\/www.renatetheobald.de\/system\/wp-json\/wp\/v2\/types\/page"}],"author":[{"embeddable":true,"href":"https:\/\/www.renatetheobald.de\/system\/wp-json\/wp\/v2\/users\/1"}],"replies":[{"embeddable":true,"href":"https:\/\/www.renatetheobald.de\/system\/wp-json\/wp\/v2\/comments?post=26"}],"version-history":[{"count":14,"href":"https:\/\/www.renatetheobald.de\/system\/wp-json\/wp\/v2\/pages\/26\/revisions"}],"predecessor-version":[{"id":164,"href":"https:\/\/www.renatetheobald.de\/system\/wp-json\/wp\/v2\/pages\/26\/revisions\/164"}],"wp:attachment":[{"href":"https:\/\/www.renatetheobald.de\/system\/wp-json\/wp\/v2\/media?parent=26"}],"curies":[{"name":"wp","href":"https:\/\/api.w.org\/{rel}","templated":true}]}}