{"id":20,"date":"2023-04-25T14:22:53","date_gmt":"2023-04-25T14:22:53","guid":{"rendered":"https:\/\/www.renatetheobald.de\/system\/?page_id=20"},"modified":"2023-09-08T12:01:50","modified_gmt":"2023-09-08T12:01:50","slug":"coaching","status":"publish","type":"page","link":"https:\/\/www.renatetheobald.de\/system\/coaching\/","title":{"rendered":"Online-Coaching"},"content":{"rendered":"\t\t<div data-elementor-type=\"wp-page\" data-elementor-id=\"20\" class=\"elementor elementor-20\">\n\t\t\t\t\t\t<section class=\"elementor-section elementor-top-section elementor-element elementor-element-4b212257 elementor-section-boxed elementor-section-height-default elementor-section-height-default\" data-id=\"4b212257\" data-element_type=\"section\" data-e-type=\"section\">\n\t\t\t\t\t\t<div class=\"elementor-container elementor-column-gap-default\">\n\t\t\t\t\t<div class=\"elementor-column elementor-col-50 elementor-top-column elementor-element elementor-element-6756d709\" data-id=\"6756d709\" data-element_type=\"column\" data-e-type=\"column\">\n\t\t\t<div class=\"elementor-widget-wrap elementor-element-populated\">\n\t\t\t\t\t\t<div class=\"elementor-element elementor-element-6689373c elementor-widget elementor-widget-text-editor\" data-id=\"6689373c\" data-element_type=\"widget\" data-e-type=\"widget\" data-widget_type=\"text-editor.default\">\n\t\t\t\t<div class=\"elementor-widget-container\">\n\t\t\t\t\t\t\t\t\t<p>Online-Coaching<\/p>\t\t\t\t\t\t\t\t<\/div>\n\t\t\t\t<\/div>\n\t\t\t\t<div class=\"elementor-element elementor-element-47c9d502 elementor-widget elementor-widget-text-editor\" data-id=\"47c9d502\" data-element_type=\"widget\" data-e-type=\"widget\" data-widget_type=\"text-editor.default\">\n\t\t\t\t<div class=\"elementor-widget-container\">\n\t\t\t\t\t\t\t\t\tals\u00a0interaktive, individuelle und professionelle\u00a0Strategie zur Unternehmens- und Personalentwicklung sowie zur Begleitung und\u00a0Unterst\u00fctzung von Menschen, unter Nutzung digitaler Technologien\t\t\t\t\t\t\t\t<\/div>\n\t\t\t\t<\/div>\n\t\t\t\t\t<\/div>\n\t\t<\/div>\n\t\t\t\t<div class=\"elementor-column elementor-col-50 elementor-top-column elementor-element elementor-element-328dcd75\" data-id=\"328dcd75\" data-element_type=\"column\" data-e-type=\"column\">\n\t\t\t<div class=\"elementor-widget-wrap elementor-element-populated\">\n\t\t\t\t\t\t<div class=\"elementor-element elementor-element-62cf1585 elementor-widget elementor-widget-image\" data-id=\"62cf1585\" data-element_type=\"widget\" data-e-type=\"widget\" data-widget_type=\"image.default\">\n\t\t\t\t<div class=\"elementor-widget-container\">\n\t\t\t\t\t\t\t\t\t\t\t\t\t\t\t<img fetchpriority=\"high\" decoding=\"async\" width=\"669\" height=\"574\" src=\"https:\/\/www.renatetheobald.de\/system\/wp-content\/uploads\/2023\/09\/Coaching_Anlaesse.png\" class=\"attachment-full size-full wp-image-327\" alt=\"\" srcset=\"https:\/\/www.renatetheobald.de\/system\/wp-content\/uploads\/2023\/09\/Coaching_Anlaesse.png 669w, https:\/\/www.renatetheobald.de\/system\/wp-content\/uploads\/2023\/09\/Coaching_Anlaesse-300x257.png 300w\" sizes=\"(max-width: 669px) 100vw, 669px\" \/>\t\t\t\t\t\t\t\t\t\t\t\t\t\t\t<\/div>\n\t\t\t\t<\/div>\n\t\t\t\t<div class=\"elementor-element elementor-element-21804cb2 elementor-widget elementor-widget-text-editor\" data-id=\"21804cb2\" data-element_type=\"widget\" data-e-type=\"widget\" data-widget_type=\"text-editor.default\">\n\t\t\t\t<div class=\"elementor-widget-container\">\n\t\t\t\t\t\t\t\t\t<p>Termine nach Vereinbarung<br \/>Telefon: 0 781 \/ 289 439 34<br \/>oder per Mailanfrage<\/p>\t\t\t\t\t\t\t\t<\/div>\n\t\t\t\t<\/div>\n\t\t\t\t\t<\/div>\n\t\t<\/div>\n\t\t\t\t\t<\/div>\n\t\t<\/section>\n\t\t\t\t<section class=\"elementor-section elementor-top-section elementor-element elementor-element-4537c6dc elementor-section-boxed elementor-section-height-default elementor-section-height-default\" data-id=\"4537c6dc\" data-element_type=\"section\" data-e-type=\"section\">\n\t\t\t\t\t\t<div class=\"elementor-container elementor-column-gap-default\">\n\t\t\t\t\t<div class=\"elementor-column elementor-col-100 elementor-top-column elementor-element elementor-element-5b5e5874\" data-id=\"5b5e5874\" data-element_type=\"column\" data-e-type=\"column\">\n\t\t\t<div class=\"elementor-widget-wrap elementor-element-populated\">\n\t\t\t\t\t\t<div class=\"elementor-element elementor-element-52fa3500 elementor-widget elementor-widget-text-editor\" data-id=\"52fa3500\" data-element_type=\"widget\" data-e-type=\"widget\" data-widget_type=\"text-editor.default\">\n\t\t\t\t<div class=\"elementor-widget-container\">\n\t\t\t\t\t\t\t\t\t<p>Coaching ist die individuelle, personenzentrierte Beratung von Personen durch einen externen Berater.<\/p><p>Diese Beratung unter vier Augen konzentriert sich vorrangig auf die geistig-seelischen Sichtweisen des Klienten und f\u00f6rdert die ungenutzten Potenziale.<\/p><p>Coaching ist ein moderner Ansatz, Menschen in Ver\u00e4nderungsprozessen professionell zu begleiten, zu beraten und zu unterst\u00fctzen.<\/p>\t\t\t\t\t\t\t\t<\/div>\n\t\t\t\t<\/div>\n\t\t\t\t<div class=\"elementor-element elementor-element-8d79df0 elementor-widget elementor-widget-heading\" data-id=\"8d79df0\" data-element_type=\"widget\" data-e-type=\"widget\" data-widget_type=\"heading.default\">\n\t\t\t\t<div class=\"elementor-widget-container\">\n\t\t\t\t\t<h2 class=\"elementor-heading-title elementor-size-default\">Online-Coaching<\/h2>\t\t\t\t<\/div>\n\t\t\t\t<\/div>\n\t\t\t\t<div class=\"elementor-element elementor-element-97c7c4d elementor-widget elementor-widget-text-editor\" data-id=\"97c7c4d\" data-element_type=\"widget\" data-e-type=\"widget\" data-widget_type=\"text-editor.default\">\n\t\t\t\t<div class=\"elementor-widget-container\">\n\t\t\t\t\t\t\t\t\t<p>Online-Coaching als Alternative oder sinnvolle Erg\u00e4nzung zu Pr\u00e4senzcoaching findet wahlweise \u00fcber Microsoft-Teams oder Skype statt.<\/p><p>Es fokussiert ein bestimmtes Thema und ist zeitlich befristet.\u00a0Der Prozess wird gestaltet durch die ergebnis- und l\u00f6sungsorientierte Zusammenarbeit von Coach und Klient auf Augenh\u00f6he.<\/p><p>F\u00fcr den Klienten, der sein Thema selbstverantwortlich einbringt, geht es darum, eigene L\u00f6sungen zu entwickeln.\u00a0Der Coach f\u00fchrt dabei den Prozess, hilft, Ursachen zu erkennen und blinde Flecken sichtbar zu machen.<\/p><p>Der Fokus liegt im Online-Coaching auf der Hilfe zur Selbsthilfe des Klienten. Es geht um den Aufbau seiner Kompetenzen und St\u00e4rkung seiner Ressourcen. Ebenso dient es der Steigerung und dem Erhalt der Leistungsf\u00e4higkeit.\u00a0F\u00e4higkeiten zur Wahrnehmung und Selbstreflexion des Klienten werden gef\u00f6rdert und Potenziale entfaltet.<\/p><p>Um eine sinnvolle Online-Beziehung zu gestalten, sind Empathie, Offenheit, Ehrlichkeit, ein aktives Nachfragen und Zuh\u00f6ren, gegenseitige Wertsch\u00e4tzung, Vertrauen zum Coach und die Freiwilligkeit des Klienten zur Teilnahme am Coaching erfolgsversprechende Kriterien.<\/p><p><strong>Vorteile:<\/strong><\/p><ul><li>Hohe Flexibilit\u00e4t<\/li><li>Zeit- und Kostenersparnis, da Anreise wegf\u00e4llt<\/li><li>Kommunikation unabh\u00e4ngig von Aufenthaltsort<\/li><\/ul><p><strong>Nachteile:<\/strong><\/p><ul><li>Beschr\u00e4nkte Wahrnehmung des Gegen\u00fcbers<\/li><li>Grundlegendes technisches Know-how vorausgesetzt<\/li><li>R\u00e4umliche und ggf. emotionale Distanz zwischen Coach und Klient<\/li><\/ul>\t\t\t\t\t\t\t\t<\/div>\n\t\t\t\t<\/div>\n\t\t\t\t<div class=\"elementor-element elementor-element-1455beb1 elementor-widget elementor-widget-heading\" data-id=\"1455beb1\" data-element_type=\"widget\" data-e-type=\"widget\" data-widget_type=\"heading.default\">\n\t\t\t\t<div class=\"elementor-widget-container\">\n\t\t\t\t\t<h2 class=\"elementor-heading-title elementor-size-default\">Personenbezogene Anl\u00e4sse f\u00fcr ein Online-Coaching<\/h2>\t\t\t\t<\/div>\n\t\t\t\t<\/div>\n\t\t\t\t<div class=\"elementor-element elementor-element-38acfb0f elementor-widget elementor-widget-text-editor\" data-id=\"38acfb0f\" data-element_type=\"widget\" data-e-type=\"widget\" data-widget_type=\"text-editor.default\">\n\t\t\t\t<div class=\"elementor-widget-container\">\n\t\t\t\t\t\t\t\t\t<ul><li>F\u00fchrungsverhalten\u00a0\u00a0<\/li><li>F\u00fchrungstraining\u00a0<\/li><li>Kommunikations- und Konfliktverhalten\u00a0<\/li><li>Kommunikationsgestaltung<\/li><li>Kooperationsverhalten<\/li><li>Konfliktl\u00f6sung<\/li><li>Entscheidungsverhalten<\/li><li>Stressmanagement<\/li><li>Resilienz\u00a0<\/li><li>Verbesserung der Lebens- und Arbeitsqualit\u00e4t<\/li><\/ul>\t\t\t\t\t\t\t\t<\/div>\n\t\t\t\t<\/div>\n\t\t\t\t<div class=\"elementor-element elementor-element-b2e039a elementor-widget elementor-widget-heading\" data-id=\"b2e039a\" data-element_type=\"widget\" data-e-type=\"widget\" data-widget_type=\"heading.default\">\n\t\t\t\t<div class=\"elementor-widget-container\">\n\t\t\t\t\t<h2 class=\"elementor-heading-title elementor-size-default\">L\u00f6sungs- und Entwicklungsorientiertes Coaching<\/h2>\t\t\t\t<\/div>\n\t\t\t\t<\/div>\n\t\t\t\t<div class=\"elementor-element elementor-element-82a50ab elementor-widget elementor-widget-text-editor\" data-id=\"82a50ab\" data-element_type=\"widget\" data-e-type=\"widget\" data-widget_type=\"text-editor.default\">\n\t\t\t\t<div class=\"elementor-widget-container\">\n\t\t\t\t\t\t\t\t\t<p>Neues Verhalten braucht eine neue Haltung.<\/p>\n<p>Der Klient sucht aus eigener Motivation Unterst\u00fctzung bei der Verfolgung pers\u00f6nlicher und beruflicher Entwicklungsziele:<\/p>\n<ul>\n<li>Karrierepl\u00e4ne<\/li>\n<li>Fragen der beruflichen Neuorientierung und Standortbestimmung<\/li>\n<li>F\u00f6rderung der Eigenmotivation<\/li>\n<li>Pers\u00f6nliche Lebensprojekte<\/li>\n<li>Zielklarheit<\/li>\n<li>Entwicklungsrichtung als Person und F\u00fchrungskraft<\/li>\n<li>Softskills am Arbeitsplatz trainieren<\/li>\n<\/ul>\t\t\t\t\t\t\t\t<\/div>\n\t\t\t\t<\/div>\n\t\t\t\t\t<\/div>\n\t\t<\/div>\n\t\t\t\t\t<\/div>\n\t\t<\/section>\n\t\t\t\t<\/div>\n\t\t","protected":false},"excerpt":{"rendered":"<p>Online-Coaching als\u00a0interaktive, individuelle und professionelle\u00a0Strategie zur Unternehmens- und Personalentwicklung sowie zur Begleitung und\u00a0Unterst\u00fctzung von Menschen, unter Nutzung digitaler Technologien Termine nach VereinbarungTelefon: 0 781 \/ 289 439 34oder per Mailanfrage Coaching ist die individuelle, personenzentrierte Beratung von Personen durch einen externen Berater. Diese Beratung unter vier Augen konzentriert sich vorrangig auf die geistig-seelischen Sichtweisen des [&hellip;]<\/p>\n","protected":false},"author":1,"featured_media":0,"parent":0,"menu_order":0,"comment_status":"closed","ping_status":"closed","template":"","meta":{"ocean_post_layout":"full-screen","ocean_both_sidebars_style":"","ocean_both_sidebars_content_width":0,"ocean_both_sidebars_sidebars_width":0,"ocean_sidebar":"0","ocean_second_sidebar":"0","ocean_disable_margins":"enable","ocean_add_body_class":"","ocean_shortcode_before_top_bar":"","ocean_shortcode_after_top_bar":"","ocean_shortcode_before_header":"","ocean_shortcode_after_header":"","ocean_has_shortcode":"","ocean_shortcode_after_title":"","ocean_shortcode_before_footer_widgets":"","ocean_shortcode_after_footer_widgets":"","ocean_shortcode_before_footer_bottom":"","ocean_shortcode_after_footer_bottom":"","ocean_display_top_bar":"off","ocean_display_header":"default","ocean_header_style":"","ocean_center_header_left_menu":"0","ocean_custom_header_template":"0","ocean_custom_logo":0,"ocean_custom_retina_logo":0,"ocean_custom_logo_max_width":0,"ocean_custom_logo_tablet_max_width":0,"ocean_custom_logo_mobile_max_width":0,"ocean_custom_logo_max_height":0,"ocean_custom_logo_tablet_max_height":0,"ocean_custom_logo_mobile_max_height":0,"ocean_header_custom_menu":"0","ocean_menu_typo_font_family":"0","ocean_menu_typo_font_subset":"","ocean_menu_typo_font_size":0,"ocean_menu_typo_font_size_tablet":0,"ocean_menu_typo_font_size_mobile":0,"ocean_menu_typo_font_size_unit":"px","ocean_menu_typo_font_weight":"","ocean_menu_typo_font_weight_tablet":"","ocean_menu_typo_font_weight_mobile":"","ocean_menu_typo_transform":"","ocean_menu_typo_transform_tablet":"","ocean_menu_typo_transform_mobile":"","ocean_menu_typo_line_height":0,"ocean_menu_typo_line_height_tablet":0,"ocean_menu_typo_line_height_mobile":0,"ocean_menu_typo_line_height_unit":"","ocean_menu_typo_spacing":0,"ocean_menu_typo_spacing_tablet":0,"ocean_menu_typo_spacing_mobile":0,"ocean_menu_typo_spacing_unit":"","ocean_menu_link_color":"","ocean_menu_link_color_hover":"","ocean_menu_link_color_active":"","ocean_menu_link_background":"","ocean_menu_link_hover_background":"","ocean_menu_link_active_background":"","ocean_menu_social_links_bg":"","ocean_menu_social_hover_links_bg":"","ocean_menu_social_links_color":"","ocean_menu_social_hover_links_color":"","ocean_disable_title":"on","ocean_disable_heading":"default","ocean_post_title":"","ocean_post_subheading":"","ocean_post_title_style":"","ocean_post_title_background_color":"","ocean_post_title_background":0,"ocean_post_title_bg_image_position":"","ocean_post_title_bg_image_attachment":"","ocean_post_title_bg_image_repeat":"","ocean_post_title_bg_image_size":"","ocean_post_title_height":0,"ocean_post_title_bg_overlay":0.5,"ocean_post_title_bg_overlay_color":"","ocean_disable_breadcrumbs":"default","ocean_breadcrumbs_color":"","ocean_breadcrumbs_separator_color":"","ocean_breadcrumbs_links_color":"","ocean_breadcrumbs_links_hover_color":"","ocean_display_footer_widgets":"default","ocean_display_footer_bottom":"default","ocean_custom_footer_template":"0","footnotes":""},"class_list":["post-20","page","type-page","status-publish","hentry","entry"],"_links":{"self":[{"href":"https:\/\/www.renatetheobald.de\/system\/wp-json\/wp\/v2\/pages\/20","targetHints":{"allow":["GET"]}}],"collection":[{"href":"https:\/\/www.renatetheobald.de\/system\/wp-json\/wp\/v2\/pages"}],"about":[{"href":"https:\/\/www.renatetheobald.de\/system\/wp-json\/wp\/v2\/types\/page"}],"author":[{"embeddable":true,"href":"https:\/\/www.renatetheobald.de\/system\/wp-json\/wp\/v2\/users\/1"}],"replies":[{"embeddable":true,"href":"https:\/\/www.renatetheobald.de\/system\/wp-json\/wp\/v2\/comments?post=20"}],"version-history":[{"count":29,"href":"https:\/\/www.renatetheobald.de\/system\/wp-json\/wp\/v2\/pages\/20\/revisions"}],"predecessor-version":[{"id":351,"href":"https:\/\/www.renatetheobald.de\/system\/wp-json\/wp\/v2\/pages\/20\/revisions\/351"}],"wp:attachment":[{"href":"https:\/\/www.renatetheobald.de\/system\/wp-json\/wp\/v2\/media?parent=20"}],"curies":[{"name":"wp","href":"https:\/\/api.w.org\/{rel}","templated":true}]}}