{"id":14,"date":"2023-04-25T14:18:39","date_gmt":"2023-04-25T14:18:39","guid":{"rendered":"https:\/\/www.renatetheobald.de\/system\/?page_id=14"},"modified":"2023-05-17T20:19:36","modified_gmt":"2023-05-17T20:19:36","slug":"zirkel2000","status":"publish","type":"page","link":"https:\/\/www.renatetheobald.de\/system\/zirkel2000\/","title":{"rendered":"Zirkel2000"},"content":{"rendered":"\t\t<div data-elementor-type=\"wp-page\" data-elementor-id=\"14\" class=\"elementor elementor-14\">\n\t\t\t\t\t\t<section class=\"elementor-section elementor-top-section elementor-element elementor-element-69dc7e30 elementor-section-boxed elementor-section-height-default elementor-section-height-default\" data-id=\"69dc7e30\" data-element_type=\"section\" data-e-type=\"section\">\n\t\t\t\t\t\t<div class=\"elementor-container elementor-column-gap-default\">\n\t\t\t\t\t<div class=\"elementor-column elementor-col-50 elementor-top-column elementor-element elementor-element-472bdbf8\" data-id=\"472bdbf8\" data-element_type=\"column\" data-e-type=\"column\">\n\t\t\t<div class=\"elementor-widget-wrap elementor-element-populated\">\n\t\t\t\t\t\t<div class=\"elementor-element elementor-element-487c27ab elementor-widget elementor-widget-text-editor\" data-id=\"487c27ab\" data-element_type=\"widget\" data-e-type=\"widget\" data-widget_type=\"text-editor.default\">\n\t\t\t\t<div class=\"elementor-widget-container\">\n\t\t\t\t\t\t\t\t\t<p>Unternehmensmodell<br \/>Zirkel2000<\/p>\t\t\t\t\t\t\t\t<\/div>\n\t\t\t\t<\/div>\n\t\t\t\t<div class=\"elementor-element elementor-element-46f2dfa9 elementor-widget elementor-widget-text-editor\" data-id=\"46f2dfa9\" data-element_type=\"widget\" data-e-type=\"widget\" data-widget_type=\"text-editor.default\">\n\t\t\t\t<div class=\"elementor-widget-container\">\n\t\t\t\t\t\t\t\t\t<p>von Gerd Ammelburg +1999<br>\u00a9 1999-2023 Renate Theobald<\/p>\t\t\t\t\t\t\t\t<\/div>\n\t\t\t\t<\/div>\n\t\t\t\t\t<\/div>\n\t\t<\/div>\n\t\t\t\t<div class=\"elementor-column elementor-col-50 elementor-top-column elementor-element elementor-element-2942ac63\" data-id=\"2942ac63\" data-element_type=\"column\" data-e-type=\"column\">\n\t\t\t<div class=\"elementor-widget-wrap elementor-element-populated\">\n\t\t\t\t\t\t<div class=\"elementor-element elementor-element-136b8e86 elementor-widget elementor-widget-image\" data-id=\"136b8e86\" data-element_type=\"widget\" data-e-type=\"widget\" data-widget_type=\"image.default\">\n\t\t\t\t<div class=\"elementor-widget-container\">\n\t\t\t\t\t\t\t\t\t\t\t\t\t\t\t<img fetchpriority=\"high\" decoding=\"async\" width=\"1100\" height=\"1100\" src=\"https:\/\/www.renatetheobald.de\/system\/wp-content\/uploads\/2023\/05\/Renate_Theobald_Zirkel2000.gif\" class=\"attachment-full size-full wp-image-297\" alt=\"\" \/>\t\t\t\t\t\t\t\t\t\t\t\t\t\t\t<\/div>\n\t\t\t\t<\/div>\n\t\t\t\t<div class=\"elementor-element elementor-element-3646acc elementor-widget elementor-widget-text-editor\" data-id=\"3646acc\" data-element_type=\"widget\" data-e-type=\"widget\" data-widget_type=\"text-editor.default\">\n\t\t\t\t<div class=\"elementor-widget-container\">\n\t\t\t\t\t\t\t\t\t<p>Wie fruchtbar ist der kleinste Kreis, wenn man ihn wohl zu pflegen wei\u00df! (Goethe)<\/p>\t\t\t\t\t\t\t\t<\/div>\n\t\t\t\t<\/div>\n\t\t\t\t\t<\/div>\n\t\t<\/div>\n\t\t\t\t\t<\/div>\n\t\t<\/section>\n\t\t\t\t<section class=\"elementor-section elementor-top-section elementor-element elementor-element-316257a5 elementor-section-boxed elementor-section-height-default elementor-section-height-default\" data-id=\"316257a5\" data-element_type=\"section\" data-e-type=\"section\">\n\t\t\t\t\t\t<div class=\"elementor-container elementor-column-gap-default\">\n\t\t\t\t\t<div class=\"elementor-column elementor-col-100 elementor-top-column elementor-element elementor-element-4b6bb0b6\" data-id=\"4b6bb0b6\" data-element_type=\"column\" data-e-type=\"column\">\n\t\t\t<div class=\"elementor-widget-wrap elementor-element-populated\">\n\t\t\t\t\t\t<div class=\"elementor-element elementor-element-192e0181 elementor-widget elementor-widget-text-editor\" data-id=\"192e0181\" data-element_type=\"widget\" data-e-type=\"widget\" data-widget_type=\"text-editor.default\">\n\t\t\t\t<div class=\"elementor-widget-container\">\n\t\t\t\t\t\t\t\t\t<p>Gerd Ammelburg sieht in seinem Unternehmensmodell Zirkel2000 das Unternehmen als lebendigen Organismus. Er hat in diesem Modell das Unternehmen in sechs Farbbereiche aufgegliedert und beschrieben:<\/p>\t\t\t\t\t\t\t\t<\/div>\n\t\t\t\t<\/div>\n\t\t\t\t<div class=\"elementor-element elementor-element-827e335 elementor-widget elementor-widget-heading\" data-id=\"827e335\" data-element_type=\"widget\" data-e-type=\"widget\" data-widget_type=\"heading.default\">\n\t\t\t\t<div class=\"elementor-widget-container\">\n\t\t\t\t\t<h2 class=\"elementor-heading-title elementor-size-default\">ROT<\/h2>\t\t\t\t<\/div>\n\t\t\t\t<\/div>\n\t\t\t\t<div class=\"elementor-element elementor-element-6c0e01b elementor-widget elementor-widget-text-editor\" data-id=\"6c0e01b\" data-element_type=\"widget\" data-e-type=\"widget\" data-widget_type=\"text-editor.default\">\n\t\t\t\t<div class=\"elementor-widget-container\">\n\t\t\t\t\t\t\t\t\t<p><b>Organisation<\/b>&#8211; Arbeitsvorbereitung, Produktion, Abl\u00e4ufe, Auf- und Ausbau neuer Bereiche, Niederlassungen, Filialen, usw. Investitionen (vom Sachlichen her), Beschaffung. Durchsetzung, Kontinuit\u00e4t, \u00dcberwindung von Schwierigkeiten und Hemmnissen<\/p>\t\t\t\t\t\t\t\t<\/div>\n\t\t\t\t<\/div>\n\t\t\t\t<div class=\"elementor-element elementor-element-909aebd elementor-widget elementor-widget-heading\" data-id=\"909aebd\" data-element_type=\"widget\" data-e-type=\"widget\" data-widget_type=\"heading.default\">\n\t\t\t\t<div class=\"elementor-widget-container\">\n\t\t\t\t\t<h2 class=\"elementor-heading-title elementor-size-default\">VIOLETT<\/h2>\t\t\t\t<\/div>\n\t\t\t\t<\/div>\n\t\t\t\t<div class=\"elementor-element elementor-element-23f6616 elementor-widget elementor-widget-text-editor\" data-id=\"23f6616\" data-element_type=\"widget\" data-e-type=\"widget\" data-widget_type=\"text-editor.default\">\n\t\t\t\t<div class=\"elementor-widget-container\">\n\t\t\t\t\t\t\t\t\t<p><b>Motivation <\/b>&#8211; eigene und Fremdmotivation, positives Vorleben, mitrei\u00dfend, Zuversichtlichkeit, ganzheitliches Denken im Unternehmensorganismus, absolute Zuverl\u00e4ssigkeit, Identifizierung mit der Aufgabe, Begreifbarmachung der Sinn-Zusammenh\u00e4nge, Idealismus, Streben nach Harmonie, optimistischer Einsatz<\/p>\t\t\t\t\t\t\t\t<\/div>\n\t\t\t\t<\/div>\n\t\t\t\t<div class=\"elementor-element elementor-element-2f82f69 elementor-widget elementor-widget-heading\" data-id=\"2f82f69\" data-element_type=\"widget\" data-e-type=\"widget\" data-widget_type=\"heading.default\">\n\t\t\t\t<div class=\"elementor-widget-container\">\n\t\t\t\t\t<h2 class=\"elementor-heading-title elementor-size-default\">BLAU<\/h2>\t\t\t\t<\/div>\n\t\t\t\t<\/div>\n\t\t\t\t<div class=\"elementor-element elementor-element-4410392 elementor-widget elementor-widget-text-editor\" data-id=\"4410392\" data-element_type=\"widget\" data-e-type=\"widget\" data-widget_type=\"text-editor.default\">\n\t\t\t\t<div class=\"elementor-widget-container\">\n\t\t\t\t\t\t\t\t\t<p><b>Kommunikation<\/b> &#8211; Kontaktpflege, Harmoniestreben, innerbetrieblich ausgleichend, Gegens\u00e4tze durch Konsens \u00fcberwindend, Umgang mit Kunden und Verk\u00e4ufern, Einkauf, PR-Pflege, Betriebsklima Ausgleich von Differenzen, G\u00fcte, Gro\u00dfz\u00fcgigkeit, soziale Leistungen, Marketing, Werbung, Marktbeobachtung<\/p>\t\t\t\t\t\t\t\t<\/div>\n\t\t\t\t<\/div>\n\t\t\t\t<div class=\"elementor-element elementor-element-c361472 elementor-widget elementor-widget-heading\" data-id=\"c361472\" data-element_type=\"widget\" data-e-type=\"widget\" data-widget_type=\"heading.default\">\n\t\t\t\t<div class=\"elementor-widget-container\">\n\t\t\t\t\t<h2 class=\"elementor-heading-title elementor-size-default\">GR\u00dcN<\/h2>\t\t\t\t<\/div>\n\t\t\t\t<\/div>\n\t\t\t\t<div class=\"elementor-element elementor-element-5d801df elementor-widget elementor-widget-text-editor\" data-id=\"5d801df\" data-element_type=\"widget\" data-e-type=\"widget\" data-widget_type=\"text-editor.default\">\n\t\t\t\t<div class=\"elementor-widget-container\">\n\t\t\t\t\t\t\t\t\t<p><b>Innovation<\/b> &#8211; Ideenfindung, Kreativit\u00e4t, Intuition, unkonventionelle Vielseitigkeit, Einspringen bei Notf\u00e4llen (Feuerwehr), Leitung von Brainstorming und Kreativ-Methoden in allen Bereichen, Anregungen zur \u00dcberwindung von St\u00f6rungen, L\u00f6sungen bei Extremsituationen, Unternehmensvision, Team-Vision<\/p>\t\t\t\t\t\t\t\t<\/div>\n\t\t\t\t<\/div>\n\t\t\t\t<div class=\"elementor-element elementor-element-41942fe elementor-widget elementor-widget-heading\" data-id=\"41942fe\" data-element_type=\"widget\" data-e-type=\"widget\" data-widget_type=\"heading.default\">\n\t\t\t\t<div class=\"elementor-widget-container\">\n\t\t\t\t\t<h2 class=\"elementor-heading-title elementor-size-default\">GELB<\/h2>\t\t\t\t<\/div>\n\t\t\t\t<\/div>\n\t\t\t\t<div class=\"elementor-element elementor-element-d50c6a3 elementor-widget elementor-widget-text-editor\" data-id=\"d50c6a3\" data-element_type=\"widget\" data-e-type=\"widget\" data-widget_type=\"text-editor.default\">\n\t\t\t\t<div class=\"elementor-widget-container\">\n\t\t\t\t\t\t\t\t\t<p><b>Entwicklung und Kontrolle<\/b> &#8211; Sicherheit, Genauigkeit, Qualit\u00e4ts-Kontrolle, heikle Aufgaben die Feingef\u00fchl erfordern Analysen, Untersuchungen, Pr\u00fcfungen, Revision, Forschung und Entwicklung, innerbetriebliche Kritik und Beschwerden<\/p>\t\t\t\t\t\t\t\t<\/div>\n\t\t\t\t<\/div>\n\t\t\t\t<div class=\"elementor-element elementor-element-1a7b77d elementor-widget elementor-widget-heading\" data-id=\"1a7b77d\" data-element_type=\"widget\" data-e-type=\"widget\" data-widget_type=\"heading.default\">\n\t\t\t\t<div class=\"elementor-widget-container\">\n\t\t\t\t\t<h2 class=\"elementor-heading-title elementor-size-default\">ORANGE<\/h2>\t\t\t\t<\/div>\n\t\t\t\t<\/div>\n\t\t\t\t<div class=\"elementor-element elementor-element-2d50e49 elementor-widget elementor-widget-text-editor\" data-id=\"2d50e49\" data-element_type=\"widget\" data-e-type=\"widget\" data-widget_type=\"text-editor.default\">\n\t\t\t\t<div class=\"elementor-widget-container\">\n\t\t\t\t\t\t\t\t\t<p><b>Planung und Investition<\/b> &#8211; Einschlie\u00dflich Finanzplanung, Organisations- und Ablaufpl\u00e4ne, Struktur und Kontrolle des Informationswesens, Rechnungswesen, Buchhaltung, Wettbewerbskontrolle, strukturelle Aufgaben, Auswertung der Marktbeobachtungen, Kritik von Schwachstellen, PC-L\u00f6sungen<\/p>\t\t\t\t\t\t\t\t<\/div>\n\t\t\t\t<\/div>\n\t\t\t\t<div class=\"elementor-element elementor-element-41ef0bb elementor-widget elementor-widget-heading\" data-id=\"41ef0bb\" data-element_type=\"widget\" data-e-type=\"widget\" data-widget_type=\"heading.default\">\n\t\t\t\t<div class=\"elementor-widget-container\">\n\t\t\t\t\t<h2 class=\"elementor-heading-title elementor-size-default\">Kreis - Symbol f\u00fcr Ganzheit<\/h2>\t\t\t\t<\/div>\n\t\t\t\t<\/div>\n\t\t\t\t<div class=\"elementor-element elementor-element-389ce54 elementor-widget elementor-widget-text-editor\" data-id=\"389ce54\" data-element_type=\"widget\" data-e-type=\"widget\" data-widget_type=\"text-editor.default\">\n\t\t\t\t<div class=\"elementor-widget-container\">\n\t\t\t\t\t\t\t\t\t<p>Der Kreis ist eines der h\u00e4ufigsten symbolischen Zeichen. Er f\u00fchrt in sich selbst zur\u00fcck und ist daher Symbol f\u00fcr die Einheit, des Absoluten und der Vollkommenheit. Wenn Gerd Ammelburg seinem Unternehmensmodell Zirkel2000 die Kreisform gegeben hat, so auch aus \u00e4hnlich symbolischen Gr\u00fcnden.<\/p><p>Denn im Gegensatz zur hierarchischen Pyramide soll der Kreis, auf dessen Peripherie alle Punkte die gleiche Entfernung zum Mittelpunkt haben, andeuten, dass eine Gleichberechtigung angestrebt ist f\u00fcr alle Dazugeh\u00f6rigen.<\/p><p>Sie sollen sich in den Organismus Unternehmen &#8211; im Ganzen &#8211; eingebunden f\u00fchlen und nicht wie beim Patriarchalischen von vornherein den Eindruck haben, sich auf einer &#8211; unteren bzw. oberen &#8211; Ebene zu befinden, die zwangsl\u00e4ufig zu \u201e\u00fcbergeordneten&#8220; Vorgesetzten und \u201euntergeordneten&#8220; Befehlsempf\u00e4nger f\u00fchren muss.<\/p><p>Die Bem\u00fchung um Zugeh\u00f6rigkeit bezieht sich auf das Verh\u00e4ltnis der Menschen im Unternehmen untereinander: keiner soll sich mehr d\u00fcnken als der andere, der dem Unternehmen an anderer Stelle, aber in gleicher Weise zu dienen hat.<\/p><p>Gleichheit der Rechte bedeutet auch Gleichheit der Pflichten!<\/p>\t\t\t\t\t\t\t\t<\/div>\n\t\t\t\t<\/div>\n\t\t\t\t<div class=\"elementor-element elementor-element-2eeeec5 elementor-widget elementor-widget-heading\" data-id=\"2eeeec5\" data-element_type=\"widget\" data-e-type=\"widget\" data-widget_type=\"heading.default\">\n\t\t\t\t<div class=\"elementor-widget-container\">\n\t\t\t\t\t<h2 class=\"elementor-heading-title elementor-size-default\">Zirkel \u2013 Symbol f\u00fcr Verbindung<\/h2>\t\t\t\t<\/div>\n\t\t\t\t<\/div>\n\t\t\t\t<div class=\"elementor-element elementor-element-a863fdb elementor-widget elementor-widget-text-editor\" data-id=\"a863fdb\" data-element_type=\"widget\" data-e-type=\"widget\" data-widget_type=\"text-editor.default\">\n\t\t\t\t<div class=\"elementor-widget-container\">\n\t\t\t\t\t\t\t\t\t<p>Gerd Ammelburg hat das Wort Z i r k e l f\u00fcr sein Modell gew\u00e4hlt, weil er einen g\u00e4ngigen Begriff schaffen wollten, der auch im engstem Bezug zur Pers\u00f6nlichkeitsanalyse Zirkel2000 steht, die das Ziel hat, den richtigen Mitarbeiter am richtigen Arbeitsplatz einzusetzen.<\/p><p>Der Zirkel ist nicht nur das Instrument, mit dem man Kreise schlagen kann, sondern auch der Begriff f\u00fcr Zusammenschl\u00fcsse von Menschen zu irgendwelchen Zwecken.<\/p><p>Wir gebrauchen den Begriff des Zirkels f\u00fcr unser Unternehmensmodell, weil wir damit nicht nur einen gew\u00f6hnlichen Kreis bezeichnen wollen, sondern auch die Umschreibung der Wechselbeziehungen zwischen den einzelnen Unternehmensbereichen, die in sich wieder geschlossene Kreise &#8211; Zirkel &#8211; darstellen.<\/p><p>Zur Mitte des Zirkels hin finden sich alle zusammen, denn dort befindet sich &#8211; symbolisch &#8211; der Mensch als Mittelpunkt; f\u00fcr ihn ist das Unternehmen geschaffen.<\/p><p>Dass in diesem Zentrum die Unternehmensleitung ihren Platz hat, ist nur folgerichtig; in ihr laufen alle Bez\u00fcge der einzelnen Bereiche zusammen &#8211; und wir wissen aus der Farbenlehre, dass die Summe aller reinen Farben Wei\u00df ergibt &#8211; hier Sinnbild f\u00fcr die neutrale und gerechte F\u00fchrung des Unternehmensorganismus.<\/p><p>Das \u00dcbergreifen der Farbbereiche &#8211; au\u00dferhalb der eigentlichen Kerne &#8211; bis an die R\u00e4nder der anderen Farbkerne soll zu verstehen geben, dass jeden auch alles angeht, was im Unternehmen geschieht, jedoch ein direktes Eingreifen in die spezielle Zust\u00e4ndigkeit der anderen Bereiche ausgeschlossen ist.<\/p>\t\t\t\t\t\t\t\t<\/div>\n\t\t\t\t<\/div>\n\t\t\t\t\t<\/div>\n\t\t<\/div>\n\t\t\t\t\t<\/div>\n\t\t<\/section>\n\t\t\t\t<\/div>\n\t\t","protected":false},"excerpt":{"rendered":"<p>UnternehmensmodellZirkel2000 von Gerd Ammelburg +1999\u00a9 1999-2023 Renate Theobald Wie fruchtbar ist der kleinste Kreis, wenn man ihn wohl zu pflegen wei\u00df! (Goethe) Gerd Ammelburg sieht in seinem Unternehmensmodell Zirkel2000 das Unternehmen als lebendigen Organismus. Er hat in diesem Modell das Unternehmen in sechs Farbbereiche aufgegliedert und beschrieben: ROT Organisation&#8211; Arbeitsvorbereitung, Produktion, Abl\u00e4ufe, Auf- und Ausbau [&hellip;]<\/p>\n","protected":false},"author":1,"featured_media":0,"parent":0,"menu_order":0,"comment_status":"closed","ping_status":"closed","template":"","meta":{"ocean_post_layout":"full-screen","ocean_both_sidebars_style":"","ocean_both_sidebars_content_width":0,"ocean_both_sidebars_sidebars_width":0,"ocean_sidebar":"0","ocean_second_sidebar":"0","ocean_disable_margins":"enable","ocean_add_body_class":"","ocean_shortcode_before_top_bar":"","ocean_shortcode_after_top_bar":"","ocean_shortcode_before_header":"","ocean_shortcode_after_header":"","ocean_has_shortcode":"","ocean_shortcode_after_title":"","ocean_shortcode_before_footer_widgets":"","ocean_shortcode_after_footer_widgets":"","ocean_shortcode_before_footer_bottom":"","ocean_shortcode_after_footer_bottom":"","ocean_display_top_bar":"off","ocean_display_header":"default","ocean_header_style":"","ocean_center_header_left_menu":"0","ocean_custom_header_template":"0","ocean_custom_logo":0,"ocean_custom_retina_logo":0,"ocean_custom_logo_max_width":0,"ocean_custom_logo_tablet_max_width":0,"ocean_custom_logo_mobile_max_width":0,"ocean_custom_logo_max_height":0,"ocean_custom_logo_tablet_max_height":0,"ocean_custom_logo_mobile_max_height":0,"ocean_header_custom_menu":"0","ocean_menu_typo_font_family":"0","ocean_menu_typo_font_subset":"","ocean_menu_typo_font_size":0,"ocean_menu_typo_font_size_tablet":0,"ocean_menu_typo_font_size_mobile":0,"ocean_menu_typo_font_size_unit":"px","ocean_menu_typo_font_weight":"","ocean_menu_typo_font_weight_tablet":"","ocean_menu_typo_font_weight_mobile":"","ocean_menu_typo_transform":"","ocean_menu_typo_transform_tablet":"","ocean_menu_typo_transform_mobile":"","ocean_menu_typo_line_height":0,"ocean_menu_typo_line_height_tablet":0,"ocean_menu_typo_line_height_mobile":0,"ocean_menu_typo_line_height_unit":"","ocean_menu_typo_spacing":0,"ocean_menu_typo_spacing_tablet":0,"ocean_menu_typo_spacing_mobile":0,"ocean_menu_typo_spacing_unit":"","ocean_menu_link_color":"","ocean_menu_link_color_hover":"","ocean_menu_link_color_active":"","ocean_menu_link_background":"","ocean_menu_link_hover_background":"","ocean_menu_link_active_background":"","ocean_menu_social_links_bg":"","ocean_menu_social_hover_links_bg":"","ocean_menu_social_links_color":"","ocean_menu_social_hover_links_color":"","ocean_disable_title":"on","ocean_disable_heading":"default","ocean_post_title":"","ocean_post_subheading":"","ocean_post_title_style":"","ocean_post_title_background_color":"","ocean_post_title_background":0,"ocean_post_title_bg_image_position":"","ocean_post_title_bg_image_attachment":"","ocean_post_title_bg_image_repeat":"","ocean_post_title_bg_image_size":"","ocean_post_title_height":0,"ocean_post_title_bg_overlay":0.5,"ocean_post_title_bg_overlay_color":"","ocean_disable_breadcrumbs":"default","ocean_breadcrumbs_color":"","ocean_breadcrumbs_separator_color":"","ocean_breadcrumbs_links_color":"","ocean_breadcrumbs_links_hover_color":"","ocean_display_footer_widgets":"default","ocean_display_footer_bottom":"default","ocean_custom_footer_template":"0","footnotes":""},"class_list":["post-14","page","type-page","status-publish","hentry","entry"],"_links":{"self":[{"href":"https:\/\/www.renatetheobald.de\/system\/wp-json\/wp\/v2\/pages\/14","targetHints":{"allow":["GET"]}}],"collection":[{"href":"https:\/\/www.renatetheobald.de\/system\/wp-json\/wp\/v2\/pages"}],"about":[{"href":"https:\/\/www.renatetheobald.de\/system\/wp-json\/wp\/v2\/types\/page"}],"author":[{"embeddable":true,"href":"https:\/\/www.renatetheobald.de\/system\/wp-json\/wp\/v2\/users\/1"}],"replies":[{"embeddable":true,"href":"https:\/\/www.renatetheobald.de\/system\/wp-json\/wp\/v2\/comments?post=14"}],"version-history":[{"count":34,"href":"https:\/\/www.renatetheobald.de\/system\/wp-json\/wp\/v2\/pages\/14\/revisions"}],"predecessor-version":[{"id":300,"href":"https:\/\/www.renatetheobald.de\/system\/wp-json\/wp\/v2\/pages\/14\/revisions\/300"}],"wp:attachment":[{"href":"https:\/\/www.renatetheobald.de\/system\/wp-json\/wp\/v2\/media?parent=14"}],"curies":[{"name":"wp","href":"https:\/\/api.w.org\/{rel}","templated":true}]}}